{"id":315,"date":"2012-10-23T11:41:54","date_gmt":"2012-10-23T09:41:54","guid":{"rendered":"http:\/\/www.billianiinka.it\/?page_id=315"},"modified":"2014-06-23T10:42:37","modified_gmt":"2014-06-23T08:42:37","slug":"news","status":"publish","type":"page","link":"https:\/\/www.billianiinka.it\/it\/news\/","title":{"rendered":"News"},"content":{"rendered":"<strong><\/strong><strong>Lancio mondiale a Orgatec 2012\r\nBilliani con il nuovo sistema totale di sedute imbottite.\r\nINKA: un esordio firmato da Roberto Romanello.<\/strong>\r\n\r\n&nbsp;\r\n\r\n<img loading=\"lazy\" decoding=\"async\" class=\"alignnone size-full wp-image-318\" title=\"inka\" src=\"http:\/\/www.billianiinka.it\/media\/inka.jpg\" alt=\"\" width=\"940\" height=\"589\" srcset=\"https:\/\/www.billianiinka.it\/media\/inka.jpg 940w, https:\/\/www.billianiinka.it\/media\/inka-300x187.jpg 300w\" sizes=\"(max-width: 940px) 100vw, 940px\" \/>\r\n\r\n&nbsp;\r\n\r\nBilliani amplia il suo range di prodotti e lancia INKA, vasto sistema di sedute imbottite dalla marcata connotazione stilistica. INKA \u00e8 il risultato dell\u2019incontro fra Billiani, azienda dal grande know-how artigianale \u2013 tecnologico con prodotti di elevata qualit\u00e0 e l\u2019expertise dell\u2019 architetto Roberto Romanello nella progettazione di arredi\u00a0 per il settore contract di alto livello.\r\nL\u2019anteprima mondiale di INKA, sposta il baricentro del catalogo Billiani estendendo le sue proposte ai professionisti del contract in tutte le sue specificit\u00e0.\r\n\r\n&nbsp;\r\n\r\n&nbsp;\r\n\r\nDopo una lunga tradizione industriale caratterizzata in prevalenza dall\u2019uso del legno, ora si affianca la produzione degli imbottiti condividendo con l\u2019offerta preesistente gli stessi contenuti e valenze estetiche: essenziale eleganza, rivestimenti di alta qualit\u00e0, comfort ergonomico, funzionalit\u00e0 e proverbiale solidit\u00e0.\r\n\r\n&nbsp;\r\n\r\n&nbsp;\r\n\r\nIl nuovo catalogo Billiani risulter\u00e0 estremamente vasto e completo di soluzioni tipologiche, sar\u00e0 in grado di risolvere le necessit\u00e0 di arredo degli spazi collettivi: dagli ambienti pubblici agli uffici, dai luoghi della ristorazione\u00a0 a quelli dell\u2019ospitalit\u00e0.\r\nIl sistema INKA stesso, nella sua articolata declinazione di sedute, prevede numerose varianti, sia nei materiali delle strutture di base che nei rivestimenti, offrendo ai professionisti pi\u00f9 esigenti un servizio e una versatilit\u00e0 inedita.\r\n\r\n&nbsp;\r\n\r\n&nbsp;\r\n\r\nLa presentazione di INKA ad ORGATEC prevede l\u2019esposizione di dodici dei trentanove elementi base che compongono il sistema ,ma sono sufficienti per apprezzarne sia il valore progettuale che l\u2019eccellente qualit\u00e0 realizzativa.\r\n\r\n&nbsp;\r\n\r\n&nbsp;\r\n\r\nPer chiarimenti, approfondimenti e richieste di immagini\r\n\r\n&nbsp;\r\n\r\nPer richieste editoriali:\r\nSabine Schweigert, ufficio stampa di Billiani\r\nTel.: +39 02 45491266, Mob.: +39 347 0868023\r\nMail: <a href=\"mailto:billiani@sabineschweigert.com\">billiani@sabineschweigert.com<\/a>\r\nBILLIANI \u2013 <a title=\"www.billiani.it \" href=\"http:\/\/www.billiani.it \" target=\"_blank\">www.billiani.it <\/a>\r\n\r\n&nbsp;\r\n\r\n&nbsp;\r\n\r\nFondata nel 1911, Billiani \u00e8 una storica impresa italiana il cui successo si basa su semplici ma fondamentali valori e principi: la passione, la trasmissione familiare del know-how artigianale, la ricerca, l\u2019uso di materiali di alta qualit\u00e0, l\u2019esecuzione accurata e l\u2019attenzione per i dettagli.\r\nNel corso delle generazioni si \u00e8 affinato il gusto per il design e coltivato un proprio stile fatto di sobriet\u00e0 e coerenza; valori da sempre condivi con ogni persona che sia entrata a far parte dell\u2019azienda. Billiani, nella sua lunga attivit\u00e0, ha intrapreso rapporti di collaborazione con alcune tra le pi\u00f9 note e qualificate firme del design italiano e internazionale potendo disporre di un laboratorio creativo interno a supporto della\u00a0 ricerca e sviluppo della modellistica.\r\nBilliani, nel costante perfezionamento del proprio catalogo, si \u00e8 avvalsa della progettazione di importanti professionisti come: Marco Ferreri, Aldo Cibic,\u00a0 Fabio Bortolani ed Emilio Nanni; maestri come Werther Toffoloni e giovani designers internazionali come Paul Loebach e Daniel Fintzi.\r\nL\u2019impegno costante della Billiani \u00e8 di proporre prodotti che combinino un design contemporaneo e ricercato con soluzioni ergonomiche e di robustezza secondo la migliore tradizione del made in italy. I prodotti di Billiani sono distribuiti in tutto il mondo e inseriti nelle pi\u00f9 importanti realizzazioni di arredo contract di alto livello. Sedute di Billiani fanno parte di collezioni private ed esposizioni permanenti presso musei di livello internazionale quali il MoMA di New York, la Triennale di Milano, nonch\u00e9 inserite nel ADI Design Index, selezionate da Red Dot Award e premiate con il Premio CATAS per l\u2019innovazione tecnologica.\r\n\r\n&nbsp;\r\n\r\n&nbsp;\r\n\r\nPer informazioni commerciali:\r\nBilliani s.r.l.\r\nVia della Roggia 28\r\n33044 Manzano Udine &#8211; Italy\r\nTel. + 39 0432 740180\r\n<a href=\"mailto:info@billiani.it\">info@billiani.it<\/a>, <a title=\"www.billiani.it \" href=\"http:\/\/www.billiani.it \" target=\"_blank\">www.billiani.it <\/a>\r\n\r\n&nbsp;\r\n\r\nPer richieste editoriali:\r\nSabine Schweigert, ufficio stampa di Billiani\r\nTel.: +39 02 45491266\r\nMob.: +39 347 0868023\r\nMail: <a href=\"mailto:billiani@sabineschweigert.com\">billiani@sabineschweigert.com<\/a>","protected":false},"excerpt":{"rendered":"<p>Lancio mondiale a Orgatec 2012 Billiani con il nuovo sistema totale di sedute imbottite. INKA: un esordio firmato da Roberto Romanello. &nbsp; &nbsp; Billiani amplia il suo range di prodotti e lancia INKA, vasto sistema di sedute imbottite dalla marcata connotazione stilistica. INKA \u00e8 il risultato dell\u2019incontro fra Billiani, azienda dal grande know-how artigianale \u2013 [&hellip;]<\/p>\n","protected":false},"author":101012,"featured_media":0,"parent":0,"menu_order":0,"comment_status":"open","ping_status":"closed","template":"pagine_comuni.php","meta":{"ngg_post_thumbnail":0,"footnotes":""},"_links":{"self":[{"href":"https:\/\/www.billianiinka.it\/it\/wp-json\/wp\/v2\/pages\/315"}],"collection":[{"href":"https:\/\/www.billianiinka.it\/it\/wp-json\/wp\/v2\/pages"}],"about":[{"href":"https:\/\/www.billianiinka.it\/it\/wp-json\/wp\/v2\/types\/page"}],"author":[{"embeddable":true,"href":"https:\/\/www.billianiinka.it\/it\/wp-json\/wp\/v2\/users\/101012"}],"replies":[{"embeddable":true,"href":"https:\/\/www.billianiinka.it\/it\/wp-json\/wp\/v2\/comments?post=315"}],"version-history":[{"count":9,"href":"https:\/\/www.billianiinka.it\/it\/wp-json\/wp\/v2\/pages\/315\/revisions"}],"predecessor-version":[{"id":322,"href":"https:\/\/www.billianiinka.it\/it\/wp-json\/wp\/v2\/pages\/315\/revisions\/322"}],"wp:attachment":[{"href":"https:\/\/www.billianiinka.it\/it\/wp-json\/wp\/v2\/media?parent=315"}],"curies":[{"name":"wp","href":"https:\/\/api.w.org\/{rel}","templated":true}]}}